{"id":1991,"date":"2023-02-01T22:37:32","date_gmt":"2023-02-02T04:37:32","guid":{"rendered":"https:\/\/outsidetheboxproductions.com.mx\/?page_id=1991"},"modified":"2023-02-01T22:50:17","modified_gmt":"2023-02-02T04:50:17","slug":"ricardo-finito-lopez","status":"publish","type":"page","link":"https:\/\/outsidetheboxproductions.com.mx\/?page_id=1991","title":{"rendered":"Ricardo \u00abFinito\u00bb L\u00f3pez"},"content":{"rendered":"\t\t<div data-elementor-type=\"wp-page\" data-elementor-id=\"1991\" class=\"elementor elementor-1991\">\n\t\t\t\t\t\t\t\t\t<section class=\"elementor-section elementor-top-section elementor-element elementor-element-ff96dd3 elementor-reverse-mobile elementor-section-full_width elementor-section-height-default elementor-section-height-default\" data-id=\"ff96dd3\" data-element_type=\"section\" data-settings=\"{&quot;background_background&quot;:&quot;classic&quot;}\">\n\t\t\t\t\t\t<div class=\"elementor-container elementor-column-gap-no\">\n\t\t\t\t\t<div class=\"elementor-column elementor-col-100 elementor-top-column elementor-element elementor-element-036dea5\" data-id=\"036dea5\" data-element_type=\"column\">\n\t\t\t<div class=\"elementor-widget-wrap elementor-element-populated\">\n\t\t\t\t\t\t\t\t<div class=\"elementor-element elementor-element-c7296e9 animated-slow elementor-invisible elementor-widget elementor-widget-heading\" data-id=\"c7296e9\" data-element_type=\"widget\" data-settings=\"{&quot;_animation&quot;:&quot;fadeInLeft&quot;}\" data-widget_type=\"heading.default\">\n\t\t\t\t<div class=\"elementor-widget-container\">\n\t\t\t<style>\/*! elementor - v3.11.5 - 14-03-2023 *\/\n.elementor-heading-title{padding:0;margin:0;line-height:1}.elementor-widget-heading .elementor-heading-title[class*=elementor-size-]>a{color:inherit;font-size:inherit;line-height:inherit}.elementor-widget-heading .elementor-heading-title.elementor-size-small{font-size:15px}.elementor-widget-heading .elementor-heading-title.elementor-size-medium{font-size:19px}.elementor-widget-heading .elementor-heading-title.elementor-size-large{font-size:29px}.elementor-widget-heading .elementor-heading-title.elementor-size-xl{font-size:39px}.elementor-widget-heading .elementor-heading-title.elementor-size-xxl{font-size:59px}<\/style><h2 class=\"elementor-heading-title elementor-size-default\">Ricardo \"Finito\" L\u00f3pez<\/h2>\t\t<\/div>\n\t\t\t\t<\/div>\n\t\t\t\t<div class=\"elementor-element elementor-element-e8ffc2f animated-slow elementor-invisible elementor-widget elementor-widget-image\" data-id=\"e8ffc2f\" data-element_type=\"widget\" data-settings=\"{&quot;_animation&quot;:&quot;fadeInLeft&quot;,&quot;_animation_mobile&quot;:&quot;bounceIn&quot;}\" data-widget_type=\"image.default\">\n\t\t\t\t<div class=\"elementor-widget-container\">\n\t\t\t<style>\/*! elementor - v3.11.5 - 14-03-2023 *\/\n.elementor-widget-image{text-align:center}.elementor-widget-image a{display:inline-block}.elementor-widget-image a img[src$=\".svg\"]{width:48px}.elementor-widget-image img{vertical-align:middle;display:inline-block}<\/style>\t\t\t\t\t\t\t\t\t\t\t\t<img loading=\"lazy\" decoding=\"async\" width=\"1920\" height=\"1080\" src=\"https:\/\/outsidetheboxproductions.com.mx\/wp-content\/uploads\/2023\/02\/finito-lopez.jpg\" class=\"attachment-full size-full wp-image-1993\" alt=\"\" srcset=\"https:\/\/outsidetheboxproductions.com.mx\/wp-content\/uploads\/2023\/02\/finito-lopez.jpg 1920w, https:\/\/outsidetheboxproductions.com.mx\/wp-content\/uploads\/2023\/02\/finito-lopez-300x169.jpg 300w, https:\/\/outsidetheboxproductions.com.mx\/wp-content\/uploads\/2023\/02\/finito-lopez-1024x576.jpg 1024w, https:\/\/outsidetheboxproductions.com.mx\/wp-content\/uploads\/2023\/02\/finito-lopez-768x432.jpg 768w, https:\/\/outsidetheboxproductions.com.mx\/wp-content\/uploads\/2023\/02\/finito-lopez-1536x864.jpg 1536w, https:\/\/outsidetheboxproductions.com.mx\/wp-content\/uploads\/2023\/02\/finito-lopez-600x338.jpg 600w\" sizes=\"(max-width: 1920px) 100vw, 1920px\" \/>\t\t\t\t\t\t\t\t\t\t\t\t\t\t\t<\/div>\n\t\t\t\t<\/div>\n\t\t\t\t<div class=\"elementor-element elementor-element-8f21328 elementor-invisible elementor-widget elementor-widget-image\" data-id=\"8f21328\" data-element_type=\"widget\" data-settings=\"{&quot;_animation&quot;:&quot;fadeInUp&quot;}\" data-widget_type=\"image.default\">\n\t\t\t\t<div class=\"elementor-widget-container\">\n\t\t\t\t\t\t\t\t\t\t\t\t\t\t\t<img loading=\"lazy\" decoding=\"async\" width=\"360\" height=\"540\" src=\"https:\/\/outsidetheboxproductions.com.mx\/wp-content\/uploads\/2023\/02\/finito2.jpg\" class=\"attachment-full size-full wp-image-1994\" alt=\"\" srcset=\"https:\/\/outsidetheboxproductions.com.mx\/wp-content\/uploads\/2023\/02\/finito2.jpg 360w, https:\/\/outsidetheboxproductions.com.mx\/wp-content\/uploads\/2023\/02\/finito2-200x300.jpg 200w\" sizes=\"(max-width: 360px) 100vw, 360px\" \/>\t\t\t\t\t\t\t\t\t\t\t\t\t\t\t<\/div>\n\t\t\t\t<\/div>\n\t\t\t\t<div class=\"elementor-element elementor-element-d4b16ca elementor-align-center elementor-widget elementor-widget-button\" data-id=\"d4b16ca\" data-element_type=\"widget\" data-settings=\"{&quot;_animation_mobile&quot;:&quot;bounceIn&quot;}\" data-widget_type=\"button.default\">\n\t\t\t\t<div class=\"elementor-widget-container\">\n\t\t\t\t\t<div class=\"elementor-button-wrapper\">\n\t\t\t<a href=\"mailto:paty.fajardo@gmail.com?subject=Quiero%20m%C3%A1s%20informaci%C3%B3n%20acerca%20de%20sus%20conferencistas.%20\" class=\"elementor-button-link elementor-button elementor-size-sm\" role=\"button\">\n\t\t\t\t\t\t<span class=\"elementor-button-content-wrapper\">\n\t\t\t\t\t\t<span class=\"elementor-button-text\">\u00a1Contacta!<\/span>\n\t\t<\/span>\n\t\t\t\t\t<\/a>\n\t\t<\/div>\n\t\t\t\t<\/div>\n\t\t\t\t<\/div>\n\t\t\t\t<div class=\"elementor-element elementor-element-070e77f elementor-invisible elementor-widget elementor-widget-text-editor\" data-id=\"070e77f\" data-element_type=\"widget\" data-settings=\"{&quot;_animation&quot;:&quot;fadeInLeft&quot;}\" data-widget_type=\"text-editor.default\">\n\t\t\t\t<div class=\"elementor-widget-container\">\n\t\t\t<style>\/*! elementor - v3.11.5 - 14-03-2023 *\/\n.elementor-widget-text-editor.elementor-drop-cap-view-stacked .elementor-drop-cap{background-color:#818a91;color:#fff}.elementor-widget-text-editor.elementor-drop-cap-view-framed .elementor-drop-cap{color:#818a91;border:3px solid;background-color:transparent}.elementor-widget-text-editor:not(.elementor-drop-cap-view-default) .elementor-drop-cap{margin-top:8px}.elementor-widget-text-editor:not(.elementor-drop-cap-view-default) .elementor-drop-cap-letter{width:1em;height:1em}.elementor-widget-text-editor .elementor-drop-cap{float:left;text-align:center;line-height:1;font-size:50px}.elementor-widget-text-editor .elementor-drop-cap-letter{display:inline-block}<\/style>\t\t\t\t<p><span style=\"font-family: Arial, sans-serif;\"><span style=\"font-size: small;\">Ricardo L\u00f3pez Nava naci\u00f3 en la ciudad de Morelos en M\u00e9xico, el 25 de julio de 1966. Tambi\u00e9n se le conoce como \u201cFinito\u201d, se dedic\u00f3 al boxeo desde el a\u00f1o 1985 hasta el 2001, obteniendo en su carrera un r\u00e9cord de 52 combates invicto.<\/span><\/span><\/p><p><span style=\"font-family: Arial, sans-serif;\"><span style=\"font-size: small;\">Desde el a\u00f1o 81 al 84, \u00abFinito\u00bb gan\u00f3 4 <strong>Campeonatos de Guantes de Oro de M\u00e9xico<\/strong>; conquist\u00f3 campeonatos de la <strong>Organizaci\u00f3n Mundial de Boxeo<\/strong> y de la <strong>Asociaci\u00f3n Mundial de Boxeo<\/strong> (en la misma categor\u00eda); campe\u00f3n mundial de peso m\u00ednimo del <strong>Consejo Mundial de Boxeo<\/strong>; obtuvo el t\u00edtulo en peso minimosca de la <strong>Federaci\u00f3n Internacional de Boxeo<\/strong> y realiz\u00f3 defensas consecutivas de 21 de sus t\u00edtulos desde 1990 hasta el 2001. Logr\u00f3 convertirse en un profesional sin perder ninguna pelea amateur y hoy en d\u00eda se le conoce como uno de los mejores boxeadores amateurs que jam\u00e1s haya existido.<\/span><\/span><\/p><p><span style=\"font-family: Arial, sans-serif;\"><span style=\"font-size: small;\">En total, sus 18 a\u00f1os de carrera profesional le permitieron realizar 52 peleas, de las cuales una fue por empate y 51 ganadas; nunca supo lo que fue una derrota, retir\u00e1ndose como un gran invicto.<\/span><\/span><\/p><p><span style=\"font-family: Arial, sans-serif;\"><span style=\"font-size: small;\">En el a\u00f1o 2007, <\/span><\/span><span style=\"font-family: Arial, sans-serif;\"><span style=\"font-size: small;\">Ricardo L\u00f3pez<\/span><\/span><span style=\"font-family: Arial, sans-serif;\"><span style=\"font-size: small;\"> fue incluido en el<\/span><\/span><span style=\"font-family: Arial, sans-serif;\"><span style=\"font-size: small;\"> Sal\u00f3n de la Fama del Boxeo Mundial<\/span><\/span><span style=\"font-family: Arial, sans-serif;\"><span style=\"font-size: small;\"> y en el <\/span><\/span><span style=\"font-family: Arial, sans-serif;\"><span style=\"font-size: small;\">Sal\u00f3n de la Fama del Boxeo <\/span><\/span><span style=\"font-family: Arial, sans-serif;\"><span style=\"font-size: small;\">Internacional<\/span><\/span><strong><span style=\"font-family: Arial, sans-serif;\"><span style=\"font-size: small;\">;<\/span><\/span><\/strong><span style=\"font-family: Arial, sans-serif;\"><span style=\"font-size: small;\">\u00a0por obtener mayor votaci\u00f3n como mejor campe\u00f3n peso paja y minimosca de la historia.<\/span><\/span><\/p><p>\u00a0<\/p><p><span style=\"font-family: Arial, sans-serif;\"><span style=\"font-size: small;\"><span style=\"font-weight: normal;\">\u00a0<\/span><\/span><\/span><\/p><p><span style=\"font-family: Arial, sans-serif;\"><span style=\"font-size: small;\"><span style=\"font-weight: normal;\">\u00a0<\/span><\/span><\/span><\/p>\t\t\t\t\t\t<\/div>\n\t\t\t\t<\/div>\n\t\t\t\t\t<\/div>\n\t\t<\/div>\n\t\t\t\t\t\t\t<\/div>\n\t\t<\/section>\n\t\t\t\t\t\t\t<\/div>\n\t\t","protected":false},"excerpt":{"rendered":"<p>Ricardo \u00abFinito\u00bb L\u00f3pez \u00a1Contacta! Ricardo L\u00f3pez Nava naci\u00f3 en la ciudad de Morelos en M\u00e9xico, el 25 de julio de 1966. Tambi\u00e9n se le conoce como \u201cFinito\u201d, se dedic\u00f3 al boxeo desde el a\u00f1o 1985 hasta el 2001, obteniendo en su carrera un r\u00e9cord de 52 combates invicto. Desde el a\u00f1o 81 al 84, \u00abFinito\u00bb &hellip;<\/p>\n<p class=\"read-more\"> <a class=\"\" href=\"https:\/\/outsidetheboxproductions.com.mx\/?page_id=1991\"> <span class=\"screen-reader-text\">Ricardo \u00abFinito\u00bb L\u00f3pez<\/span> Leer m\u00e1s &raquo;<\/a><\/p>\n","protected":false},"author":1,"featured_media":0,"parent":0,"menu_order":0,"comment_status":"closed","ping_status":"closed","template":"elementor_header_footer","meta":{"site-sidebar-layout":"no-sidebar","site-content-layout":"page-builder","ast-global-header-display":"","ast-main-header-display":"","ast-hfb-above-header-display":"","ast-hfb-below-header-display":"","ast-hfb-mobile-header-display":"","site-post-title":"disabled","ast-breadcrumbs-content":"","ast-featured-img":"disabled","footer-sml-layout":"","theme-transparent-header-meta":"enabled","adv-header-id-meta":"","stick-header-meta":"","header-above-stick-meta":"","header-main-stick-meta":"","header-below-stick-meta":"","footnotes":""},"_links":{"self":[{"href":"https:\/\/outsidetheboxproductions.com.mx\/index.php?rest_route=\/wp\/v2\/pages\/1991"}],"collection":[{"href":"https:\/\/outsidetheboxproductions.com.mx\/index.php?rest_route=\/wp\/v2\/pages"}],"about":[{"href":"https:\/\/outsidetheboxproductions.com.mx\/index.php?rest_route=\/wp\/v2\/types\/page"}],"author":[{"embeddable":true,"href":"https:\/\/outsidetheboxproductions.com.mx\/index.php?rest_route=\/wp\/v2\/users\/1"}],"replies":[{"embeddable":true,"href":"https:\/\/outsidetheboxproductions.com.mx\/index.php?rest_route=%2Fwp%2Fv2%2Fcomments&post=1991"}],"version-history":[{"count":4,"href":"https:\/\/outsidetheboxproductions.com.mx\/index.php?rest_route=\/wp\/v2\/pages\/1991\/revisions"}],"predecessor-version":[{"id":1997,"href":"https:\/\/outsidetheboxproductions.com.mx\/index.php?rest_route=\/wp\/v2\/pages\/1991\/revisions\/1997"}],"wp:attachment":[{"href":"https:\/\/outsidetheboxproductions.com.mx\/index.php?rest_route=%2Fwp%2Fv2%2Fmedia&parent=1991"}],"curies":[{"name":"wp","href":"https:\/\/api.w.org\/{rel}","templated":true}]}}